{"id":8294,"date":"2022-01-15T12:18:14","date_gmt":"2022-01-15T17:18:14","guid":{"rendered":"https:\/\/souduresrivard.com\/produit\/salt-and-abrasive-drop-sander-str-200-trailer-type\/"},"modified":"2022-01-15T12:18:14","modified_gmt":"2022-01-15T17:18:14","slug":"salt-and-abrasive-drop-sander-str-200-trailer-type","status":"publish","type":"product","link":"https:\/\/souduresrivard.com\/en\/produit\/salt-and-abrasive-drop-sander-str-200-trailer-type\/","title":{"rendered":"Salt and abrasive drop sander STR-200, trailer type"},"content":{"rendered":"<ul>\n<li>Alimentation continue par vis sans fin.<\/li>\n<li>R\u00e9partition uniforme du produit sur le trottoir pour une \u00e9conomie de sel.<\/li>\n<li>Aucune projection sur les voitures ou les passants.<\/li>\n<li>D\u00e9versement devant les roues.<\/li>\n<li>Vidange rapide par l\u2019arri\u00e8re.<\/li>\n<li>Charge basse.<\/li>\n<li>Requiert un faible d\u00e9bit hydraulique.<\/li>\n<li>Pneus \u00e0 clous.<\/li>\n<li>Freinage par activateur.<\/li>\n<\/ul>\n<table width=\"373\">\n<tbody>\n<tr>\n<td colspan=\"2\" width=\"373\"><b>FICHE TECHNIQUE<\/b><\/td>\n<\/tr>\n<tr>\n<td width=\"253\"><b>Capacit\u00e9<\/b><\/td>\n<td width=\"120\">2 vg3<\/td>\n<\/tr>\n<tr>\n<td width=\"253\"><b>Largeur totale<\/b><\/td>\n<td width=\"120\">48 pouces<\/td>\n<\/tr>\n<tr>\n<td width=\"253\"><b>Hauteur pour le chargement<\/b><\/td>\n<td width=\"120\">46 \u00bd pouces<\/td>\n<\/tr>\n<tr>\n<td width=\"253\"><b>Longueur totale<\/b><\/td>\n<td width=\"120\">132 po<\/td>\n<\/tr>\n<tr>\n<td width=\"253\"><b>Poids \u00e0 vide<\/b><\/td>\n<td width=\"120\">1977 Lbs<\/td>\n<\/tr>\n<tr>\n<td width=\"253\"><b>Poids maximal total<\/b><\/td>\n<td width=\"120\">9380 Lbs<\/td>\n<\/tr>\n<\/tbody>\n<\/table>\n","protected":false},"excerpt":{"rendered":"<p>Alimentation continue par vis sans fin. R\u00e9partition uniforme du produit sur le trottoir pour une \u00e9conomie de sel. Aucune projection sur les voitures ou les passants. D\u00e9versement devant les roues. Vidange rapide par l\u2019arri\u00e8re. Charge basse. Requiert un faible d\u00e9bit hydraulique. Pneus \u00e0 clous. Freinage par activateur. FICHE TECHNIQUE Capacit\u00e9 2 vg3 Largeur totale 48 [&hellip;]<\/p>\n","protected":false},"featured_media":8289,"template":"","meta":{"content-type":""},"product_brand":[],"product_cat":[358,356],"product_tag":[],"class_list":{"0":"post-8294","1":"product","2":"type-product","3":"status-publish","4":"has-post-thumbnail","6":"product_cat-salt-and-abrasive-drop-sander-hooked","7":"product_cat-winter-products","9":"first","10":"instock","11":"taxable","12":"shipping-taxable","13":"product-type-simple"},"yoast_head":"<!-- This site is optimized with the Yoast SEO plugin v27.2 - https:\/\/yoast.com\/product\/yoast-seo-wordpress\/ -->\n<title>Salt and abrasive drop sander STR-200, trailer type - Soudures Rivard<\/title>\n<meta name=\"robots\" content=\"index, follow, max-snippet:-1, max-image-preview:large, max-video-preview:-1\" \/>\n<link rel=\"canonical\" href=\"https:\/\/souduresrivard.com\/en\/produit\/salt-and-abrasive-drop-sander-str-200-trailer-type\/\" \/>\n<meta property=\"og:locale\" content=\"en_US\" \/>\n<meta property=\"og:type\" content=\"article\" \/>\n<meta property=\"og:title\" content=\"Salt and abrasive drop sander STR-200, trailer type - Soudures Rivard\" \/>\n<meta property=\"og:description\" content=\"Alimentation continue par vis sans fin. R\u00e9partition uniforme du produit sur le trottoir pour une \u00e9conomie de sel. Aucune projection sur les voitures ou les passants. D\u00e9versement devant les roues. Vidange rapide par l\u2019arri\u00e8re. Charge basse. Requiert un faible d\u00e9bit hydraulique. Pneus \u00e0 clous. Freinage par activateur. FICHE TECHNIQUE Capacit\u00e9 2 vg3 Largeur totale 48 [&hellip;]\" \/>\n<meta property=\"og:url\" content=\"https:\/\/souduresrivard.com\/en\/produit\/salt-and-abrasive-drop-sander-str-200-trailer-type\/\" \/>\n<meta property=\"og:site_name\" content=\"Soudures Rivard\" \/>\n<meta property=\"og:image\" content=\"https:\/\/souduresrivard.com\/wp-content\/uploads\/2022\/01\/Epandeur-STR-200.jpg\" \/>\n\t<meta property=\"og:image:width\" content=\"1000\" \/>\n\t<meta property=\"og:image:height\" content=\"1000\" \/>\n\t<meta property=\"og:image:type\" content=\"image\/jpeg\" \/>\n<meta name=\"twitter:card\" content=\"summary_large_image\" \/>\n<script type=\"application\/ld+json\" class=\"yoast-schema-graph\">{\"@context\":\"https:\/\/schema.org\",\"@graph\":[{\"@type\":\"WebPage\",\"@id\":\"https:\/\/souduresrivard.com\/en\/produit\/salt-and-abrasive-drop-sander-str-200-trailer-type\/\",\"url\":\"https:\/\/souduresrivard.com\/en\/produit\/salt-and-abrasive-drop-sander-str-200-trailer-type\/\",\"name\":\"Salt and abrasive drop sander STR-200, trailer type - Soudures Rivard\",\"isPartOf\":{\"@id\":\"https:\/\/souduresrivard.com\/#website\"},\"primaryImageOfPage\":{\"@id\":\"https:\/\/souduresrivard.com\/en\/produit\/salt-and-abrasive-drop-sander-str-200-trailer-type\/#primaryimage\"},\"image\":{\"@id\":\"https:\/\/souduresrivard.com\/en\/produit\/salt-and-abrasive-drop-sander-str-200-trailer-type\/#primaryimage\"},\"thumbnailUrl\":\"https:\/\/souduresrivard.com\/wp-content\/uploads\/2022\/01\/Epandeur-STR-200.jpg\",\"datePublished\":\"2022-01-15T17:18:14+00:00\",\"breadcrumb\":{\"@id\":\"https:\/\/souduresrivard.com\/en\/produit\/salt-and-abrasive-drop-sander-str-200-trailer-type\/#breadcrumb\"},\"inLanguage\":\"en-US\",\"potentialAction\":[{\"@type\":\"ReadAction\",\"target\":[\"https:\/\/souduresrivard.com\/en\/produit\/salt-and-abrasive-drop-sander-str-200-trailer-type\/\"]}]},{\"@type\":\"ImageObject\",\"inLanguage\":\"en-US\",\"@id\":\"https:\/\/souduresrivard.com\/en\/produit\/salt-and-abrasive-drop-sander-str-200-trailer-type\/#primaryimage\",\"url\":\"https:\/\/souduresrivard.com\/wp-content\/uploads\/2022\/01\/Epandeur-STR-200.jpg\",\"contentUrl\":\"https:\/\/souduresrivard.com\/wp-content\/uploads\/2022\/01\/Epandeur-STR-200.jpg\",\"width\":1000,\"height\":1000,\"caption\":\"drop-sander-STR-200\"},{\"@type\":\"BreadcrumbList\",\"@id\":\"https:\/\/souduresrivard.com\/en\/produit\/salt-and-abrasive-drop-sander-str-200-trailer-type\/#breadcrumb\",\"itemListElement\":[{\"@type\":\"ListItem\",\"position\":1,\"name\":\"Accueil\",\"item\":\"https:\/\/souduresrivard.com\/en\/\"},{\"@type\":\"ListItem\",\"position\":2,\"name\":\"Shop\",\"item\":\"https:\/\/souduresrivard.com\/en\/shop\/\"},{\"@type\":\"ListItem\",\"position\":3,\"name\":\"Salt and abrasive drop sander STR-200, trailer type\"}]},{\"@type\":\"WebSite\",\"@id\":\"https:\/\/souduresrivard.com\/#website\",\"url\":\"https:\/\/souduresrivard.com\/\",\"name\":\"Soudures Rivard\",\"description\":\"Fabrication et r\u00e9paration d\u2019\u00e9quipements d\u2019excavation et de d\u00e9neigement\",\"potentialAction\":[{\"@type\":\"SearchAction\",\"target\":{\"@type\":\"EntryPoint\",\"urlTemplate\":\"https:\/\/souduresrivard.com\/?s={search_term_string}\"},\"query-input\":{\"@type\":\"PropertyValueSpecification\",\"valueRequired\":true,\"valueName\":\"search_term_string\"}}],\"inLanguage\":\"en-US\"}]}<\/script>\n<!-- \/ Yoast SEO plugin. -->","yoast_head_json":{"title":"Salt and abrasive drop sander STR-200, trailer type - Soudures Rivard","robots":{"index":"index","follow":"follow","max-snippet":"max-snippet:-1","max-image-preview":"max-image-preview:large","max-video-preview":"max-video-preview:-1"},"canonical":"https:\/\/souduresrivard.com\/en\/produit\/salt-and-abrasive-drop-sander-str-200-trailer-type\/","og_locale":"en_US","og_type":"article","og_title":"Salt and abrasive drop sander STR-200, trailer type - Soudures Rivard","og_description":"Alimentation continue par vis sans fin. R\u00e9partition uniforme du produit sur le trottoir pour une \u00e9conomie de sel. Aucune projection sur les voitures ou les passants. D\u00e9versement devant les roues. Vidange rapide par l\u2019arri\u00e8re. Charge basse. Requiert un faible d\u00e9bit hydraulique. Pneus \u00e0 clous. Freinage par activateur. FICHE TECHNIQUE Capacit\u00e9 2 vg3 Largeur totale 48 [&hellip;]","og_url":"https:\/\/souduresrivard.com\/en\/produit\/salt-and-abrasive-drop-sander-str-200-trailer-type\/","og_site_name":"Soudures Rivard","og_image":[{"width":1000,"height":1000,"url":"https:\/\/souduresrivard.com\/wp-content\/uploads\/2022\/01\/Epandeur-STR-200.jpg","type":"image\/jpeg"}],"twitter_card":"summary_large_image","schema":{"@context":"https:\/\/schema.org","@graph":[{"@type":"WebPage","@id":"https:\/\/souduresrivard.com\/en\/produit\/salt-and-abrasive-drop-sander-str-200-trailer-type\/","url":"https:\/\/souduresrivard.com\/en\/produit\/salt-and-abrasive-drop-sander-str-200-trailer-type\/","name":"Salt and abrasive drop sander STR-200, trailer type - Soudures Rivard","isPartOf":{"@id":"https:\/\/souduresrivard.com\/#website"},"primaryImageOfPage":{"@id":"https:\/\/souduresrivard.com\/en\/produit\/salt-and-abrasive-drop-sander-str-200-trailer-type\/#primaryimage"},"image":{"@id":"https:\/\/souduresrivard.com\/en\/produit\/salt-and-abrasive-drop-sander-str-200-trailer-type\/#primaryimage"},"thumbnailUrl":"https:\/\/souduresrivard.com\/wp-content\/uploads\/2022\/01\/Epandeur-STR-200.jpg","datePublished":"2022-01-15T17:18:14+00:00","breadcrumb":{"@id":"https:\/\/souduresrivard.com\/en\/produit\/salt-and-abrasive-drop-sander-str-200-trailer-type\/#breadcrumb"},"inLanguage":"en-US","potentialAction":[{"@type":"ReadAction","target":["https:\/\/souduresrivard.com\/en\/produit\/salt-and-abrasive-drop-sander-str-200-trailer-type\/"]}]},{"@type":"ImageObject","inLanguage":"en-US","@id":"https:\/\/souduresrivard.com\/en\/produit\/salt-and-abrasive-drop-sander-str-200-trailer-type\/#primaryimage","url":"https:\/\/souduresrivard.com\/wp-content\/uploads\/2022\/01\/Epandeur-STR-200.jpg","contentUrl":"https:\/\/souduresrivard.com\/wp-content\/uploads\/2022\/01\/Epandeur-STR-200.jpg","width":1000,"height":1000,"caption":"drop-sander-STR-200"},{"@type":"BreadcrumbList","@id":"https:\/\/souduresrivard.com\/en\/produit\/salt-and-abrasive-drop-sander-str-200-trailer-type\/#breadcrumb","itemListElement":[{"@type":"ListItem","position":1,"name":"Accueil","item":"https:\/\/souduresrivard.com\/en\/"},{"@type":"ListItem","position":2,"name":"Shop","item":"https:\/\/souduresrivard.com\/en\/shop\/"},{"@type":"ListItem","position":3,"name":"Salt and abrasive drop sander STR-200, trailer type"}]},{"@type":"WebSite","@id":"https:\/\/souduresrivard.com\/#website","url":"https:\/\/souduresrivard.com\/","name":"Soudures Rivard","description":"Fabrication et r\u00e9paration d\u2019\u00e9quipements d\u2019excavation et de d\u00e9neigement","potentialAction":[{"@type":"SearchAction","target":{"@type":"EntryPoint","urlTemplate":"https:\/\/souduresrivard.com\/?s={search_term_string}"},"query-input":{"@type":"PropertyValueSpecification","valueRequired":true,"valueName":"search_term_string"}}],"inLanguage":"en-US"}]}},"_links":{"self":[{"href":"https:\/\/souduresrivard.com\/en\/wp-json\/wp\/v2\/product\/8294","targetHints":{"allow":["GET"]}}],"collection":[{"href":"https:\/\/souduresrivard.com\/en\/wp-json\/wp\/v2\/product"}],"about":[{"href":"https:\/\/souduresrivard.com\/en\/wp-json\/wp\/v2\/types\/product"}],"wp:featuredmedia":[{"embeddable":true,"href":"https:\/\/souduresrivard.com\/en\/wp-json\/wp\/v2\/media\/8289"}],"wp:attachment":[{"href":"https:\/\/souduresrivard.com\/en\/wp-json\/wp\/v2\/media?parent=8294"}],"wp:term":[{"taxonomy":"product_brand","embeddable":true,"href":"https:\/\/souduresrivard.com\/en\/wp-json\/wp\/v2\/product_brand?post=8294"},{"taxonomy":"product_cat","embeddable":true,"href":"https:\/\/souduresrivard.com\/en\/wp-json\/wp\/v2\/product_cat?post=8294"},{"taxonomy":"product_tag","embeddable":true,"href":"https:\/\/souduresrivard.com\/en\/wp-json\/wp\/v2\/product_tag?post=8294"}],"curies":[{"name":"wp","href":"https:\/\/api.w.org\/{rel}","templated":true}]}}